{"id":8943,"date":"2025-04-11T03:39:45","date_gmt":"2025-04-10T18:39:45","guid":{"rendered":"https:\/\/master.digital-campus.info\/?page_id=8943"},"modified":"2025-04-21T22:47:19","modified_gmt":"2025-04-21T13:47:19","slug":"%e7%ac%ac2%e5%9b%9e%e3%80%8c%e3%81%84%e3%83%bb%e3%82%8d%e3%83%bb%e3%81%af%e3%83%bb%e3%81%99%e3%80%8d%e3%82%92%e4%bd%9c%e3%82%8b","status":"publish","type":"page","link":"https:\/\/master.digital-campus.info\/?page_id=8943","title":{"rendered":"\u7b2c2\u56de\u30e2\u30c7\u30ea\u30f3\u30b0\u3000\u30da\u30c3\u30c8\u30dc\u30c8\u30eb\u3092\u4f5c\u308b"},"content":{"rendered":"<p>\u300eCG\u30d7\u30ed\u8b1b\u5ea7\u300f\u3001\u7b2c2\u56de\u76ee\u306f\u300c\u30da\u30c3\u30c8\u30dc\u30c8\u30eb\u3092\u4f5c\u308b\u300d\u3067\u3059\u3002<\/p>\n<p>\u3055\u3042\u3001\u3069\u306e\u3088\u3046\u306b\u4f5c\u308a\u307e\u3059\u304b\uff1f<\/p>\n<p>\u4eca\u56de\u306e\u76ee\u7684\u306f\u300e<strong>\u30e2\u30c7\u30eb\u306e\u5206\u6790\u300f<\/strong>\u3067\u3059\u3002<\/p>\n<p>\u30e2\u30c7\u30eb\u3092\u4f5c\u6210\u3059\u308b\u306b\u3042\u305f\u3063\u3066\u3001\u305d\u306e\u5de5\u7a0b\u3092\u4e88\u6e2c\u3057\u305f\u308a\u3001\u7d44\u307f\u7acb\u3066\u8a2d\u8a08\u3057\u305f\u308a\u3001\u305d\u3053\u306b\u3069\u3093\u306a\u624b\u6cd5\u304c\u5fc5\u8981\u306b\u306a\u308b\u306e\u304b\u3001\u3069\u3061\u3089\u306e\u624b\u6cd5\u3092\u9078\u629e\u3059\u308b\u306e\u304b\uff1f\u30c6\u30af\u30b9\u30c1\u30e3\u30fc\u306f\u3069\u3046\u3059\u308b\u304b\uff1f<\/p>\n<p>\u30e9\u30a4\u30c6\u30a3\u30f3\u30b0\u3001\u30eb\u30c3\u30af\u30c7\u30d6\u307e\u3067\u8003\u3048\u308b\u3053\u3068\u304c\u8981\u6c42\u3055\u308c\u307e\u3059\u3002<\/p>\n<p>\u3044\u304f\u3064\u304b\u306e\u30ad\u30fc\u30ef\u30fc\u30c9\u3092\u8a18\u8ff0\u3057\u3066\u304a\u304d\u307e\u3059\u3002<\/p>\n<p>\uff11\u3000\u56de\u8ee2\u4f53<\/p>\n<p>\uff12\u3000\u900f\u660e\u30e9\u30d9\u30eb<\/p>\n<p>\uff13\u3000\u539a\u307f\u306e\u8868\u73fe<\/p>\n<p>\uff14\u3000\u6db2\u4f53\u306e\u8868\u73fe<\/p>\n<p>\uff15\u3000\u30dc\u30c8\u30eb\u306e\u8868\u9762\u5f62\u72b6(\u900f\u904e\u3068\u5c48\u6298)<\/p>\n<p>\uff16\u3000\u5468\u8fba\u306e\u6620\u308a\u8fbc\u307f\u3000\u30db\u30ea\u30be\u30f3\u30c8\u64ae\u5f71<\/p>\n<p><img loading=\"lazy\" decoding=\"async\" data-attachment-id=\"8976\" data-permalink=\"https:\/\/master.digital-campus.info\/?attachment_id=8976\" data-orig-file=\"https:\/\/master.digital-campus.info\/wp\/wp-content\/uploads\/2025\/04\/flasche1Lgeschl-450x450-1.jpg\" data-orig-size=\"450,450\" data-comments-opened=\"0\" data-image-meta=\"{&quot;aperture&quot;:&quot;0&quot;,&quot;credit&quot;:&quot;&quot;,&quot;camera&quot;:&quot;&quot;,&quot;caption&quot;:&quot;&quot;,&quot;created_timestamp&quot;:&quot;0&quot;,&quot;copyright&quot;:&quot;&quot;,&quot;focal_length&quot;:&quot;0&quot;,&quot;iso&quot;:&quot;0&quot;,&quot;shutter_speed&quot;:&quot;0&quot;,&quot;title&quot;:&quot;&quot;,&quot;orientation&quot;:&quot;0&quot;}\" data-image-title=\"flasche1Lgeschl-450&#215;450\" data-image-description=\"\" data-image-caption=\"\" data-medium-file=\"https:\/\/master.digital-campus.info\/wp\/wp-content\/uploads\/2025\/04\/flasche1Lgeschl-450x450-1-300x300.jpg\" data-large-file=\"https:\/\/master.digital-campus.info\/wp\/wp-content\/uploads\/2025\/04\/flasche1Lgeschl-450x450-1.jpg\" class=\"alignnone size-mh-magazine-lite-content wp-image-8976\" src=\"https:\/\/master.digital-campus.info\/wp\/wp-content\/uploads\/2025\/04\/flasche1Lgeschl-450x450-1-450x381.jpg\" alt=\"\" width=\"450\" height=\"381\" \/><img loading=\"lazy\" decoding=\"async\" data-attachment-id=\"8977\" data-permalink=\"https:\/\/master.digital-campus.info\/?attachment_id=8977\" data-orig-file=\"https:\/\/master.digital-campus.info\/wp\/wp-content\/uploads\/2025\/04\/mono09155377-221114-02.webp\" data-orig-size=\"350,350\" data-comments-opened=\"0\" data-image-meta=\"{&quot;aperture&quot;:&quot;0&quot;,&quot;credit&quot;:&quot;&quot;,&quot;camera&quot;:&quot;&quot;,&quot;caption&quot;:&quot;&quot;,&quot;created_timestamp&quot;:&quot;0&quot;,&quot;copyright&quot;:&quot;&quot;,&quot;focal_length&quot;:&quot;0&quot;,&quot;iso&quot;:&quot;0&quot;,&quot;shutter_speed&quot;:&quot;0&quot;,&quot;title&quot;:&quot;&quot;,&quot;orientation&quot;:&quot;0&quot;}\" data-image-title=\"mono09155377-221114-02\" data-image-description=\"\" data-image-caption=\"\" data-medium-file=\"https:\/\/master.digital-campus.info\/wp\/wp-content\/uploads\/2025\/04\/mono09155377-221114-02-300x300.webp\" data-large-file=\"https:\/\/master.digital-campus.info\/wp\/wp-content\/uploads\/2025\/04\/mono09155377-221114-02.webp\" class=\"alignnone size-full wp-image-8977\" src=\"https:\/\/master.digital-campus.info\/wp\/wp-content\/uploads\/2025\/04\/mono09155377-221114-02.webp\" alt=\"\" width=\"350\" height=\"350\" srcset=\"https:\/\/master.digital-campus.info\/wp\/wp-content\/uploads\/2025\/04\/mono09155377-221114-02.webp 350w, https:\/\/master.digital-campus.info\/wp\/wp-content\/uploads\/2025\/04\/mono09155377-221114-02-300x300.webp 300w, https:\/\/master.digital-campus.info\/wp\/wp-content\/uploads\/2025\/04\/mono09155377-221114-02-120x120.webp 120w, https:\/\/master.digital-campus.info\/wp\/wp-content\/uploads\/2025\/04\/mono09155377-221114-02-50x50.webp 50w\" sizes=\"auto, (max-width: 350px) 100vw, 350px\" \/><img loading=\"lazy\" decoding=\"async\" data-attachment-id=\"8978\" data-permalink=\"https:\/\/master.digital-campus.info\/?attachment_id=8978\" data-orig-file=\"https:\/\/master.digital-campus.info\/wp\/wp-content\/uploads\/2025\/04\/35745916.jpg\" data-orig-size=\"800,800\" data-comments-opened=\"0\" data-image-meta=\"{&quot;aperture&quot;:&quot;0&quot;,&quot;credit&quot;:&quot;&quot;,&quot;camera&quot;:&quot;&quot;,&quot;caption&quot;:&quot;&quot;,&quot;created_timestamp&quot;:&quot;0&quot;,&quot;copyright&quot;:&quot;&quot;,&quot;focal_length&quot;:&quot;0&quot;,&quot;iso&quot;:&quot;0&quot;,&quot;shutter_speed&quot;:&quot;0&quot;,&quot;title&quot;:&quot;&quot;,&quot;orientation&quot;:&quot;0&quot;}\" data-image-title=\"35745916\" data-image-description=\"\" data-image-caption=\"\" data-medium-file=\"https:\/\/master.digital-campus.info\/wp\/wp-content\/uploads\/2025\/04\/35745916-300x300.jpg\" data-large-file=\"https:\/\/master.digital-campus.info\/wp\/wp-content\/uploads\/2025\/04\/35745916.jpg\" class=\"alignnone size-mh-magazine-lite-content wp-image-8978\" src=\"https:\/\/master.digital-campus.info\/wp\/wp-content\/uploads\/2025\/04\/35745916-678x381.jpg\" alt=\"\" width=\"678\" height=\"381\" \/><\/p>\n<p><img loading=\"lazy\" decoding=\"async\" data-attachment-id=\"8979\" data-permalink=\"https:\/\/master.digital-campus.info\/?attachment_id=8979\" data-orig-file=\"https:\/\/master.digital-campus.info\/wp\/wp-content\/uploads\/2025\/04\/baxonshop-honten_wss-50poxqjqtprq.jpg\" data-orig-size=\"500,500\" data-comments-opened=\"0\" data-image-meta=\"{&quot;aperture&quot;:&quot;0&quot;,&quot;credit&quot;:&quot;&quot;,&quot;camera&quot;:&quot;&quot;,&quot;caption&quot;:&quot;&quot;,&quot;created_timestamp&quot;:&quot;0&quot;,&quot;copyright&quot;:&quot;&quot;,&quot;focal_length&quot;:&quot;0&quot;,&quot;iso&quot;:&quot;0&quot;,&quot;shutter_speed&quot;:&quot;0&quot;,&quot;title&quot;:&quot;&quot;,&quot;orientation&quot;:&quot;0&quot;}\" data-image-title=\"baxonshop-honten_wss-50poxqjqtprq\" data-image-description=\"\" data-image-caption=\"\" data-medium-file=\"https:\/\/master.digital-campus.info\/wp\/wp-content\/uploads\/2025\/04\/baxonshop-honten_wss-50poxqjqtprq-300x300.jpg\" data-large-file=\"https:\/\/master.digital-campus.info\/wp\/wp-content\/uploads\/2025\/04\/baxonshop-honten_wss-50poxqjqtprq.jpg\" class=\"alignnone size-mh-magazine-lite-content wp-image-8979\" src=\"https:\/\/master.digital-campus.info\/wp\/wp-content\/uploads\/2025\/04\/baxonshop-honten_wss-50poxqjqtprq-500x381.jpg\" alt=\"\" width=\"500\" height=\"381\" srcset=\"https:\/\/master.digital-campus.info\/wp\/wp-content\/uploads\/2025\/04\/baxonshop-honten_wss-50poxqjqtprq-500x381.jpg 500w, https:\/\/master.digital-campus.info\/wp\/wp-content\/uploads\/2025\/04\/baxonshop-honten_wss-50poxqjqtprq-80x60.jpg 80w\" sizes=\"auto, (max-width: 500px) 100vw, 500px\" \/><img loading=\"lazy\" decoding=\"async\" data-attachment-id=\"8981\" data-permalink=\"https:\/\/master.digital-campus.info\/?attachment_id=8981\" data-orig-file=\"https:\/\/master.digital-campus.info\/wp\/wp-content\/uploads\/2025\/04\/81PZQKHnBRL._AC_SL1500_-e1744315025236.jpg\" data-orig-size=\"678,678\" data-comments-opened=\"0\" data-image-meta=\"{&quot;aperture&quot;:&quot;0&quot;,&quot;credit&quot;:&quot;&quot;,&quot;camera&quot;:&quot;&quot;,&quot;caption&quot;:&quot;&quot;,&quot;created_timestamp&quot;:&quot;0&quot;,&quot;copyright&quot;:&quot;&quot;,&quot;focal_length&quot;:&quot;0&quot;,&quot;iso&quot;:&quot;0&quot;,&quot;shutter_speed&quot;:&quot;0&quot;,&quot;title&quot;:&quot;&quot;,&quot;orientation&quot;:&quot;0&quot;}\" data-image-title=\"81PZQKHnBRL._AC_SL1500_\" data-image-description=\"\" data-image-caption=\"\" data-medium-file=\"https:\/\/master.digital-campus.info\/wp\/wp-content\/uploads\/2025\/04\/81PZQKHnBRL._AC_SL1500_-300x300.jpg\" data-large-file=\"https:\/\/master.digital-campus.info\/wp\/wp-content\/uploads\/2025\/04\/81PZQKHnBRL._AC_SL1500_-1024x1024.jpg\" class=\"alignnone wp-image-8981 size-full\" src=\"https:\/\/master.digital-campus.info\/wp\/wp-content\/uploads\/2025\/04\/81PZQKHnBRL._AC_SL1500_-e1744315025236.jpg\" alt=\"\" width=\"678\" height=\"678\" \/><img loading=\"lazy\" decoding=\"async\" data-attachment-id=\"8983\" data-permalink=\"https:\/\/master.digital-campus.info\/?attachment_id=8983\" data-orig-file=\"https:\/\/master.digital-campus.info\/wp\/wp-content\/uploads\/2025\/04\/OIP.jpg\" data-orig-size=\"474,238\" data-comments-opened=\"0\" data-image-meta=\"{&quot;aperture&quot;:&quot;0&quot;,&quot;credit&quot;:&quot;&quot;,&quot;camera&quot;:&quot;&quot;,&quot;caption&quot;:&quot;&quot;,&quot;created_timestamp&quot;:&quot;0&quot;,&quot;copyright&quot;:&quot;&quot;,&quot;focal_length&quot;:&quot;0&quot;,&quot;iso&quot;:&quot;0&quot;,&quot;shutter_speed&quot;:&quot;0&quot;,&quot;title&quot;:&quot;&quot;,&quot;orientation&quot;:&quot;0&quot;}\" data-image-title=\"OIP\" data-image-description=\"\" data-image-caption=\"\" data-medium-file=\"https:\/\/master.digital-campus.info\/wp\/wp-content\/uploads\/2025\/04\/OIP-300x151.jpg\" data-large-file=\"https:\/\/master.digital-campus.info\/wp\/wp-content\/uploads\/2025\/04\/OIP.jpg\" class=\"alignnone size-full wp-image-8983\" src=\"https:\/\/master.digital-campus.info\/wp\/wp-content\/uploads\/2025\/04\/OIP.jpg\" alt=\"\" width=\"474\" height=\"238\" srcset=\"https:\/\/master.digital-campus.info\/wp\/wp-content\/uploads\/2025\/04\/OIP.jpg 474w, https:\/\/master.digital-campus.info\/wp\/wp-content\/uploads\/2025\/04\/OIP-300x151.jpg 300w\" sizes=\"auto, (max-width: 474px) 100vw, 474px\" \/><img loading=\"lazy\" decoding=\"async\" data-attachment-id=\"8984\" data-permalink=\"https:\/\/master.digital-campus.info\/?attachment_id=8984\" data-orig-file=\"https:\/\/master.digital-campus.info\/wp\/wp-content\/uploads\/2025\/04\/OIP-1.jpg\" data-orig-size=\"474,355\" data-comments-opened=\"0\" data-image-meta=\"{&quot;aperture&quot;:&quot;0&quot;,&quot;credit&quot;:&quot;&quot;,&quot;camera&quot;:&quot;&quot;,&quot;caption&quot;:&quot;&quot;,&quot;created_timestamp&quot;:&quot;0&quot;,&quot;copyright&quot;:&quot;&quot;,&quot;focal_length&quot;:&quot;0&quot;,&quot;iso&quot;:&quot;0&quot;,&quot;shutter_speed&quot;:&quot;0&quot;,&quot;title&quot;:&quot;&quot;,&quot;orientation&quot;:&quot;0&quot;}\" data-image-title=\"OIP\" data-image-description=\"\" data-image-caption=\"\" data-medium-file=\"https:\/\/master.digital-campus.info\/wp\/wp-content\/uploads\/2025\/04\/OIP-1-300x225.jpg\" data-large-file=\"https:\/\/master.digital-campus.info\/wp\/wp-content\/uploads\/2025\/04\/OIP-1.jpg\" class=\"alignnone size-full wp-image-8984\" src=\"https:\/\/master.digital-campus.info\/wp\/wp-content\/uploads\/2025\/04\/OIP-1.jpg\" alt=\"\" width=\"474\" height=\"355\" srcset=\"https:\/\/master.digital-campus.info\/wp\/wp-content\/uploads\/2025\/04\/OIP-1.jpg 474w, https:\/\/master.digital-campus.info\/wp\/wp-content\/uploads\/2025\/04\/OIP-1-300x225.jpg 300w, https:\/\/master.digital-campus.info\/wp\/wp-content\/uploads\/2025\/04\/OIP-1-240x180.jpg 240w, https:\/\/master.digital-campus.info\/wp\/wp-content\/uploads\/2025\/04\/OIP-1-326x245.jpg 326w, https:\/\/master.digital-campus.info\/wp\/wp-content\/uploads\/2025\/04\/OIP-1-80x60.jpg 80w\" sizes=\"auto, (max-width: 474px) 100vw, 474px\" \/><img loading=\"lazy\" decoding=\"async\" data-attachment-id=\"8985\" data-permalink=\"https:\/\/master.digital-campus.info\/?attachment_id=8985\" data-orig-file=\"https:\/\/master.digital-campus.info\/wp\/wp-content\/uploads\/2025\/04\/HH66479_3L2.jpg\" data-orig-size=\"600,600\" data-comments-opened=\"0\" data-image-meta=\"{&quot;aperture&quot;:&quot;0&quot;,&quot;credit&quot;:&quot;&quot;,&quot;camera&quot;:&quot;&quot;,&quot;caption&quot;:&quot;&quot;,&quot;created_timestamp&quot;:&quot;0&quot;,&quot;copyright&quot;:&quot;&quot;,&quot;focal_length&quot;:&quot;0&quot;,&quot;iso&quot;:&quot;0&quot;,&quot;shutter_speed&quot;:&quot;0&quot;,&quot;title&quot;:&quot;&quot;,&quot;orientation&quot;:&quot;0&quot;}\" data-image-title=\"HH66479_3L2\" data-image-description=\"\" data-image-caption=\"\" data-medium-file=\"https:\/\/master.digital-campus.info\/wp\/wp-content\/uploads\/2025\/04\/HH66479_3L2-300x300.jpg\" data-large-file=\"https:\/\/master.digital-campus.info\/wp\/wp-content\/uploads\/2025\/04\/HH66479_3L2.jpg\" class=\"alignnone wp-image-8985 size-full\" src=\"https:\/\/master.digital-campus.info\/wp\/wp-content\/uploads\/2025\/04\/HH66479_3L2.jpg\" alt=\"\" width=\"600\" height=\"600\" srcset=\"https:\/\/master.digital-campus.info\/wp\/wp-content\/uploads\/2025\/04\/HH66479_3L2.jpg 600w, https:\/\/master.digital-campus.info\/wp\/wp-content\/uploads\/2025\/04\/HH66479_3L2-300x300.jpg 300w, https:\/\/master.digital-campus.info\/wp\/wp-content\/uploads\/2025\/04\/HH66479_3L2-120x120.jpg 120w, https:\/\/master.digital-campus.info\/wp\/wp-content\/uploads\/2025\/04\/HH66479_3L2-50x50.jpg 50w\" sizes=\"auto, (max-width: 600px) 100vw, 600px\" \/><img loading=\"lazy\" decoding=\"async\" data-attachment-id=\"8987\" data-permalink=\"https:\/\/master.digital-campus.info\/?attachment_id=8987\" data-orig-file=\"https:\/\/master.digital-campus.info\/wp\/wp-content\/uploads\/2025\/04\/environment_img04.jpg\" data-orig-size=\"1140,756\" data-comments-opened=\"0\" data-image-meta=\"{&quot;aperture&quot;:&quot;0&quot;,&quot;credit&quot;:&quot;&quot;,&quot;camera&quot;:&quot;&quot;,&quot;caption&quot;:&quot;&quot;,&quot;created_timestamp&quot;:&quot;0&quot;,&quot;copyright&quot;:&quot;&quot;,&quot;focal_length&quot;:&quot;0&quot;,&quot;iso&quot;:&quot;0&quot;,&quot;shutter_speed&quot;:&quot;0&quot;,&quot;title&quot;:&quot;&quot;,&quot;orientation&quot;:&quot;0&quot;}\" data-image-title=\"environment_img04\" data-image-description=\"\" data-image-caption=\"\" data-medium-file=\"https:\/\/master.digital-campus.info\/wp\/wp-content\/uploads\/2025\/04\/environment_img04-300x199.jpg\" data-large-file=\"https:\/\/master.digital-campus.info\/wp\/wp-content\/uploads\/2025\/04\/environment_img04-1024x679.jpg\" class=\"alignnone size-mh-magazine-lite-content wp-image-8987\" src=\"https:\/\/master.digital-campus.info\/wp\/wp-content\/uploads\/2025\/04\/environment_img04-678x381.jpg\" alt=\"\" width=\"678\" height=\"381\" \/><img loading=\"lazy\" decoding=\"async\" data-attachment-id=\"8988\" data-permalink=\"https:\/\/master.digital-campus.info\/?attachment_id=8988\" data-orig-file=\"https:\/\/master.digital-campus.info\/wp\/wp-content\/uploads\/2025\/04\/pusta-plastikowa-butelka-z-woda-ikona-izolowana-duza-uchwytem-wyizolowanym-na-bialo-i-przezroczystym-wektorowy-plastikowy-163159713.webp\" data-orig-size=\"800,648\" data-comments-opened=\"0\" data-image-meta=\"{&quot;aperture&quot;:&quot;0&quot;,&quot;credit&quot;:&quot;&quot;,&quot;camera&quot;:&quot;&quot;,&quot;caption&quot;:&quot;&quot;,&quot;created_timestamp&quot;:&quot;0&quot;,&quot;copyright&quot;:&quot;&quot;,&quot;focal_length&quot;:&quot;0&quot;,&quot;iso&quot;:&quot;0&quot;,&quot;shutter_speed&quot;:&quot;0&quot;,&quot;title&quot;:&quot;&quot;,&quot;orientation&quot;:&quot;0&quot;}\" data-image-title=\"pusta-plastikowa-butelka-z-wod\u0105-ikona-izolowana-du\u017ca-uchwytem-wyizolowanym-na-bia\u0142o-i-przezroczystym-wektorowy-plastikowy-163159713\" data-image-description=\"\" data-image-caption=\"\" data-medium-file=\"https:\/\/master.digital-campus.info\/wp\/wp-content\/uploads\/2025\/04\/pusta-plastikowa-butelka-z-woda-ikona-izolowana-duza-uchwytem-wyizolowanym-na-bialo-i-przezroczystym-wektorowy-plastikowy-163159713-300x243.webp\" data-large-file=\"https:\/\/master.digital-campus.info\/wp\/wp-content\/uploads\/2025\/04\/pusta-plastikowa-butelka-z-woda-ikona-izolowana-duza-uchwytem-wyizolowanym-na-bialo-i-przezroczystym-wektorowy-plastikowy-163159713.webp\" class=\"alignnone size-mh-magazine-lite-content wp-image-8988\" src=\"https:\/\/master.digital-campus.info\/wp\/wp-content\/uploads\/2025\/04\/pusta-plastikowa-butelka-z-woda-ikona-izolowana-duza-uchwytem-wyizolowanym-na-bialo-i-przezroczystym-wektorowy-plastikowy-163159713-678x381.webp\" alt=\"\" width=\"678\" height=\"381\" \/><\/p>\n<p>\u56de\u8ee2\u4f53\u306e\u65ad\u9762(\u30b9\u30d7\u30e9\u30a4\u30f3)\u3092\u4f5c\u308b\u3002<\/p>\n<p>\u56de\u8ee2\u3055\u305b\u308b\u3002<\/p>\n<p>\u30ad\u30e3\u30c3\u30d7\u3092\u4f5c\u308b\u3002<\/p>\n<p>\u30ad\u30e3\u30c3\u30d7\u306e\u30ae\u30b6\u30ae\u30b6\u3002<\/p>\n<p>\u30a6\u30a9\u30fc\u30bf\u30fc\u3092\u5165\u308c\u308b\u3002<\/p>\n<p>\u30da\u30c3\u30c8\u30dc\u30c8\u30eb\u306e\u8868\u9762\u306e\u51f9\u51f8\u30ec\u30ea\u30fc\u30d5<\/p>\n<p>\u3053\u308c\u304c\u4e00\u756a\u96e3\u3057\u3044\u3068\u601d\u3044\u307e\u3059\u3002\u3069\u306e\u3088\u3046\u306b\u4f5c\u308b\u306e\u304c\u826f\u3044\u3067\u3057\u3087\u3046\u304b\uff1f<\/p>\n<p>\u30d0\u30f3\u30d7\u30de\u30c3\u30d4\u30f3\u30b0\uff1f\u30c7\u30a3\u30b9\u30d7\u30ec\u30a4\u30b9\u30e1\u30f3\u30c8\u30de\u30c3\u30d7\uff1f<\/p>\n<p>\u305d\u306e\u305f\u3081\u306e\u30de\u30c3\u30d7\u7d20\u6750\u306f\u3069\u306e\u3088\u3046\u306b\u4f5c\u3063\u305f\u3089\u3088\u3044\u3067\u3057\u3087\u3046\u304b\uff1f<\/p>\n<p>\u305d\u306e\u305f\u3081\u306b\u306f\u305d\u308c\u305e\u308c\u306e\u30de\u30c3\u30d4\u30f3\u30b0\u306e\u7279\u6027\u3092\u6b63\u3057\u304f\u7406\u89e3\u3057\u3066\u304a\u304f\u5fc5\u8981\u304c\u3042\u308a\u307e\u3059\u3002<\/p>\n<p>\u5c11\u3057\u5b9f\u9a13\u3057\u3066\u307f\u308b\u3002<\/p>\n<p>\u30e9\u30d9\u30eb\u306e\u8cbc\u308a\u65b9<\/p>\n<p>\u7f36\u3084\u30dc\u30c8\u30eb\u306b\u30e9\u30d9\u30eb\u306e\u3088\u3046\u306a\u3082\u306e\u3092\u8cbc\u308b\u306b\u306f\u30aa\u30d1\u30b7\u30c6\u30a3\u30de\u30c3\u30d4\u30f3\u30b0\u3092\u4f7f\u3046\u5fc5\u8981\u304c\u51fa\u3066\u304d\u307e\u3059\u3002<\/p>\n<p>\u7279\u306b\u7f36\u306b\u30b7\u30fc\u30eb\u304c\u8cbc\u3089\u308c\u3066\u3044\u308b\u5834\u5408\u306b\u306f\u3069\u306e\u3088\u3046\u306b\u30c6\u30af\u30b9\u30c1\u30e3\u30fc\u3092\u8cbc\u308c\u3070\u3088\u3044\u306e\u3067\u3057\u3087\u3046\u304b\uff1f<\/p>\n<p>\u3044\u308f\u3086\u308b\u591a\u91cd\u30de\u30c3\u30d4\u30f3\u30b0\u3068\u547c\u3070\u308c\u308b\u624b\u6cd5\u3067\u3059\u3002<\/p>\n<p>MAYA\u3001Blender\u3001C4D\u3001\u305d\u308c\u305e\u308c\u306e\u591a\u91cd\u30de\u30c3\u30d4\u30f3\u30b0\u306e\u4ed5\u65b9\u306f\u9055\u3044\u307e\u3059\u3002<\/p>\n<p>\u305d\u308c\u305e\u308c\u306e\u4e2d\u3067\u306e\u9055\u3044\u3082\u542b\u3081\u3066\u7406\u89e3\u3057\u3066\u304a\u304d\u307e\u3057\u3087\u3046\uff01<\/p>\n<p>&nbsp;<\/p>\n<p>\u307e\u305a\u306f\u3001\u30b7\u30f3\u30d7\u30eb\u306a\u56de\u8ee2\u4f53\u304b\u3089\u4f5c\u3063\u3066\u307f\u308b\u3002<\/p>\n<p><img loading=\"lazy\" decoding=\"async\" data-attachment-id=\"8945\" data-permalink=\"https:\/\/master.digital-campus.info\/?attachment_id=8945\" data-orig-file=\"https:\/\/master.digital-campus.info\/wp\/wp-content\/uploads\/2025\/04\/51yYZeRxkEL-e1744310542628.jpg\" data-orig-size=\"678,678\" data-comments-opened=\"0\" data-image-meta=\"{&quot;aperture&quot;:&quot;0&quot;,&quot;credit&quot;:&quot;&quot;,&quot;camera&quot;:&quot;&quot;,&quot;caption&quot;:&quot;Version 1.0.0&quot;,&quot;created_timestamp&quot;:&quot;0&quot;,&quot;copyright&quot;:&quot;&quot;,&quot;focal_length&quot;:&quot;0&quot;,&quot;iso&quot;:&quot;0&quot;,&quot;shutter_speed&quot;:&quot;0&quot;,&quot;title&quot;:&quot;Version 1.0.0&quot;,&quot;orientation&quot;:&quot;0&quot;}\" data-image-title=\"Version 1.0.0\" data-image-description=\"\" data-image-caption=\"&lt;p&gt;Version 1.0.0&lt;\/p&gt;\n\" data-medium-file=\"https:\/\/master.digital-campus.info\/wp\/wp-content\/uploads\/2025\/04\/51yYZeRxkEL-300x300.jpg\" data-large-file=\"https:\/\/master.digital-campus.info\/wp\/wp-content\/uploads\/2025\/04\/51yYZeRxkEL-e1744310542628.jpg\" class=\"wp-image-8945 size-full\" src=\"https:\/\/master.digital-campus.info\/wp\/wp-content\/uploads\/2025\/04\/51yYZeRxkEL-e1744310542628.jpg\" alt=\"\" width=\"678\" height=\"678\" \/><\/p>\n<p>&nbsp;<\/p>\n<blockquote class=\"wp-embedded-content\" data-secret=\"ykwLFqMX0t\"><p><a href=\"https:\/\/abst.jp\/column\/%E9%80%8F%E6%98%8E%E3%81%AA%E3%83%9C%E3%83%88%E3%83%AB%E3%82%92%E6%92%AE%E5%BD%B1\/\">\u900f\u660e\u306a\u30dc\u30c8\u30eb\u3092\u64ae\u5f71<\/a><\/p><\/blockquote>\n<p><iframe loading=\"lazy\" class=\"wp-embedded-content\" sandbox=\"allow-scripts\" security=\"restricted\" style=\"position: absolute; visibility: hidden;\" title=\"&#8220;\u900f\u660e\u306a\u30dc\u30c8\u30eb\u3092\u64ae\u5f71&#8221; &#8212; \u5546\u54c1\u64ae\u5f71\u3001\u7269\u64ae\u308a,\u30b9\u30bf\u30b8\u30aa\u64ae\u5f71\u3001\u5199\u771f\u64ae\u5f71\u306f\u3010ABstudio\u3011 \u65b0\u5bbf\u306e\u81ea\u793e\u30b9\u30bf\u30b8\u30aa\u5b8c\u5099\" src=\"https:\/\/abst.jp\/column\/%E9%80%8F%E6%98%8E%E3%81%AA%E3%83%9C%E3%83%88%E3%83%AB%E3%82%92%E6%92%AE%E5%BD%B1\/embed\/#?secret=5t5xKoLR2B#?secret=ykwLFqMX0t\" data-secret=\"ykwLFqMX0t\" width=\"500\" height=\"282\" frameborder=\"0\" marginwidth=\"0\" marginheight=\"0\" scrolling=\"no\"><\/iframe><\/p>\n","protected":false},"excerpt":{"rendered":"<div class=\"mh-excerpt\"><p>\u300eCG\u30d7\u30ed\u8b1b\u5ea7\u300f\u3001\u7b2c2\u56de\u76ee\u306f\u300c\u30da\u30c3\u30c8\u30dc\u30c8\u30eb\u3092\u4f5c\u308b\u300d <a class=\"mh-excerpt-more\" href=\"https:\/\/master.digital-campus.info\/?page_id=8943\" title=\"\u7b2c2\u56de\u30e2\u30c7\u30ea\u30f3\u30b0\u3000\u30da\u30c3\u30c8\u30dc\u30c8\u30eb\u3092\u4f5c\u308b\">[&#8230;]<\/a><\/p>\n<\/div>","protected":false},"author":1,"featured_media":0,"parent":8939,"menu_order":0,"comment_status":"closed","ping_status":"closed","template":"","meta":{"jetpack_post_was_ever_published":false,"cybocfi_hide_featured_image":"","footnotes":""},"class_list":["post-8943","page","type-page","status-publish","hentry"],"aioseo_notices":[],"jetpack_sharing_enabled":true,"jetpack_shortlink":"https:\/\/wp.me\/Pcryld-2kf","_links":{"self":[{"href":"https:\/\/master.digital-campus.info\/index.php?rest_route=\/wp\/v2\/pages\/8943","targetHints":{"allow":["GET"]}}],"collection":[{"href":"https:\/\/master.digital-campus.info\/index.php?rest_route=\/wp\/v2\/pages"}],"about":[{"href":"https:\/\/master.digital-campus.info\/index.php?rest_route=\/wp\/v2\/types\/page"}],"author":[{"embeddable":true,"href":"https:\/\/master.digital-campus.info\/index.php?rest_route=\/wp\/v2\/users\/1"}],"replies":[{"embeddable":true,"href":"https:\/\/master.digital-campus.info\/index.php?rest_route=%2Fwp%2Fv2%2Fcomments&post=8943"}],"version-history":[{"count":14,"href":"https:\/\/master.digital-campus.info\/index.php?rest_route=\/wp\/v2\/pages\/8943\/revisions"}],"predecessor-version":[{"id":9016,"href":"https:\/\/master.digital-campus.info\/index.php?rest_route=\/wp\/v2\/pages\/8943\/revisions\/9016"}],"up":[{"embeddable":true,"href":"https:\/\/master.digital-campus.info\/index.php?rest_route=\/wp\/v2\/pages\/8939"}],"wp:attachment":[{"href":"https:\/\/master.digital-campus.info\/index.php?rest_route=%2Fwp%2Fv2%2Fmedia&parent=8943"}],"curies":[{"name":"wp","href":"https:\/\/api.w.org\/{rel}","templated":true}]}}